{"id":63,"date":"2019-02-01T16:20:39","date_gmt":"2019-02-01T16:20:39","guid":{"rendered":"https:\/\/hebamme-am-haff.de\/?page_id=63"},"modified":"2020-10-03T10:41:36","modified_gmt":"2020-10-03T10:41:36","slug":"datenschutz","status":"publish","type":"page","link":"https:\/\/hebamme-am-haff.de\/?page_id=63","title":{"rendered":"Datenschutz"},"content":{"rendered":"\t\t<div data-elementor-type=\"wp-post\" data-elementor-id=\"63\" class=\"elementor elementor-63 elementor-bc-flex-widget\">\n\t\t\t\t\t\t<section class=\"elementor-section elementor-top-section elementor-element elementor-element-77f4ade elementor-section-boxed elementor-section-height-default elementor-section-height-default\" data-id=\"77f4ade\" data-element_type=\"section\">\n\t\t\t\t\t\t<div class=\"elementor-container elementor-column-gap-default\">\n\t\t\t\t\t<div class=\"elementor-column elementor-col-100 elementor-top-column elementor-element elementor-element-e82b46a\" data-id=\"e82b46a\" data-element_type=\"column\">\n\t\t\t<div class=\"elementor-widget-wrap elementor-element-populated\">\n\t\t\t\t\t\t<div class=\"elementor-element elementor-element-9c9c460 elementor-widget elementor-widget-heading\" data-id=\"9c9c460\" data-element_type=\"widget\" data-widget_type=\"heading.default\">\n\t\t\t\t<div class=\"elementor-widget-container\">\n\t\t\t<h2 class=\"elementor-heading-title elementor-size-default\">Datenschutzerkl\u00e4rung<\/h2>\t\t<\/div>\n\t\t\t\t<\/div>\n\t\t\t\t\t<\/div>\n\t\t<\/div>\n\t\t\t\t\t<\/div>\n\t\t<\/section>\n\t\t\t\t<section class=\"elementor-section elementor-top-section elementor-element elementor-element-7726cffb elementor-section-boxed elementor-section-height-default elementor-section-height-default\" data-id=\"7726cffb\" data-element_type=\"section\">\n\t\t\t\t\t\t<div class=\"elementor-container elementor-column-gap-default\">\n\t\t\t\t\t<div class=\"elementor-column elementor-col-100 elementor-top-column elementor-element elementor-element-503611eb\" data-id=\"503611eb\" data-element_type=\"column\">\n\t\t\t<div class=\"elementor-widget-wrap elementor-element-populated\">\n\t\t\t\t\t\t<div class=\"elementor-element elementor-element-a7ba782 elementor-widget elementor-widget-text-editor\" data-id=\"a7ba782\" data-element_type=\"widget\" data-widget_type=\"text-editor.default\">\n\t\t\t\t<div class=\"elementor-widget-container\">\n\t\t\t\t\t\t\t<!-- wp:heading --><!-- \/wp:heading --><!-- wp:heading {\"level\":3} -->\n<h3>Datenschutz<\/h3>\n<!-- \/wp:heading --><!-- wp:paragraph -->\n<p>Die Betreiber dieser Seiten nehmen den Schutz Ihrer pers\u00f6nlichen Daten sehr ernst. Wir behandeln Ihre<br \/>personenbezogenen Daten vertraulich und entsprechend der gesetzlichen Datenschutzvorschriften sowie<br \/>dieser Datenschutzerkl\u00e4rung.<br \/>Die Nutzung unserer Webseite ist in der Regel ohne Angabe personenbezogener Daten m\u00f6glich. Soweit<br \/>auf unseren Seiten personenbezogene Daten (beispielsweise Name, Anschrift oder E-Mail-Adressen)<br \/>erhoben werden, erfolgt dies, soweit m\u00f6glich, stets auf freiwilliger Basis. Diese Daten werden ohne Ihre<br \/>ausdr\u00fcckliche Zustimmung nicht an Dritte weitergegeben.<br \/>Wir weisen darauf hin, dass die Daten\u00fcbertragung im Internet (z.B. bei der Kommunikation per E-Mail)<br \/>Sicherheitsl\u00fccken aufweisen kann. Ein l\u00fcckenloser Schutz der Daten vor dem Zugriff durch Dritte ist nicht<br \/>m\u00f6glich.<\/p>\n<!-- \/wp:paragraph --><!-- wp:heading {\"level\":3} -->\n<h3>Cookies<\/h3>\n<!-- \/wp:heading --><!-- wp:paragraph -->\n<p>Die Internetseiten verwenden teilweise so genannte Cookies. Cookies richten auf Ihrem Rechner keinen<br \/>Schaden an und enthalten keine Viren. Cookies dienen dazu, unser Angebot benutzerfreundlicher,<br \/>effektiver\u00a0und sicherer zu machen. Cookies sind kleine Textdateien, die auf Ihrem Rechner abgelegt<br \/>werden und\u00a0die Ihr Browser speichert.<br \/>Die meisten der von uns verwendeten Cookies sind so genannte \u201eSession-Cookies\u201c. Sie werden nach<br \/>Ende Ihres Besuchs automatisch gel\u00f6scht. Andere Cookies bleiben auf Ihrem Endger\u00e4t gespeichert, bis<br \/>Sie diese l\u00f6schen. Diese Cookies erm\u00f6glichen es uns, Ihren Browser beim n\u00e4chsten Besuch<br \/>wieder zuerkennen.<br \/>Sie k\u00f6nnen Ihren Browser so einstellen, dass Sie \u00fcber das Setzen von Cookies informiert werden und<br \/>Cookies nur im Einzelfall erlauben, die Annahme von Cookies f\u00fcr bestimmte F\u00e4lle oder generell<br \/>ausschlie\u00dfen sowie das automatische L\u00f6schen der Cookies beim Schlie\u00dfen des Browser aktivieren. Bei<br \/>der Deaktivierung von Cookies kann die Funktionalit\u00e4t dieser Website eingeschr\u00e4nkt sein.<\/p>\n<!-- \/wp:paragraph --><!-- wp:heading {\"level\":3} -->\n<h3>Server-Log-Files<\/h3>\n<!-- \/wp:heading --><!-- wp:paragraph -->\n<p>Der Provider der Seiten erhebt und speichert automatisch Informationen in so genannten Server-Log<br \/>Files, die Ihr Browser automatisch an uns \u00fcbermittelt. Dies sind:<\/p>\n<!-- \/wp:paragraph --><!-- wp:paragraph -->\n<p>Browsertyp und Browserversion<br \/>verwendetes Betriebssystem<br \/>Referrer URL<br \/>Hostname des zugreifenden Rechners<br \/>Uhrzeit der Serveranfrage<\/p>\n<!-- \/wp:paragraph --><!-- wp:paragraph -->\n<p>Diese Daten sind nicht bestimmten Personen zuordenbar. Eine Zusammenf\u00fchrung dieser Daten mit<br \/>anderen Datenquellen wird nicht vorgenommen. Wir behalten uns vor, diese Daten nachtr\u00e4glich zu<br \/>pr\u00fcfen, wenn uns konkrete Anhaltspunkte f\u00fcr eine rechtswidrige Nutzung bekannt werden.<\/p>\n<!-- \/wp:paragraph --><!-- wp:heading {\"level\":3} --><!-- \/wp:paragraph --><!-- wp:heading {\"level\":3} -->\n<h3>Recht auf Auskunft, L\u00f6schung, Sperrung<\/h3>\n<!-- \/wp:heading --><!-- wp:paragraph -->\n<p>Sie haben jederzeit das Recht auf unentgeltliche Auskunft \u00fcber Ihre gespeicherten<br \/>personenbezogenen\u00a0Daten, deren Herkunft und Empf\u00e4nger und den Zweck der<br \/>Datenverarbeitung sowie ein Recht auf\u00a0Berichtigung, Sperrung oder L\u00f6schung<br \/>dieser Daten. Hierzu sowie zu weiteren Fragen zum Thema\u00a0personenbezogene<br \/>Daten k\u00f6nnen Sie sich jederzeit unter der im Impressum angegebenen Adresse an<br \/>uns wenden.<\/p>\n<!-- \/wp:paragraph --><!-- wp:heading {\"level\":3} -->\n<h3>Widerspruch Werbe-Mails<\/h3>\n<!-- \/wp:heading --><!-- wp:paragraph -->\n<p>Der Nutzung von im Rahmen der Impressumspflicht ver\u00f6ffentlichten Kontaktdaten zur \u00dcbersendung von<br \/>nicht ausdr\u00fccklich angeforderter Werbung und Informationsmaterialien wird hiermit widersprochen. Die<br \/>Betreiber der Seiten behalten sich ausdr\u00fccklich rechtliche Schritte im Falle der unverlangten Zusendung<br \/>von Werbeinformationen, etwa durch Spam-E-Mails, vor.<\/p>\n<!-- \/wp:paragraph --><!-- wp:paragraph -->\n<p>Quelle:\u00a0<a href=\"https:\/\/www.e-recht24.de\/\">e-recht24.de<\/a><\/p>\n<!-- \/wp:paragraph -->\t\t\t\t\t\t<\/div>\n\t\t\t\t<\/div>\n\t\t\t\t\t<\/div>\n\t\t<\/div>\n\t\t\t\t\t<\/div>\n\t\t<\/section>\n\t\t\t\t<\/div>\n\t\t","protected":false},"excerpt":{"rendered":"<p>Datenschutzerkl\u00e4rung Datenschutz Die Betreiber dieser Seiten nehmen den Schutz Ihrer pers\u00f6nlichen Daten sehr ernst. Wir behandeln Ihrepersonenbezogenen Daten vertraulich und entsprechend der gesetzlichen Datenschutzvorschriften sowiedieser Datenschutzerkl\u00e4rung.Die Nutzung unserer Webseite ist &hellip; <\/p>\n","protected":false},"author":2,"featured_media":0,"parent":0,"menu_order":0,"comment_status":"closed","ping_status":"closed","template":"","meta":[],"_links":{"self":[{"href":"https:\/\/hebamme-am-haff.de\/index.php?rest_route=\/wp\/v2\/pages\/63"}],"collection":[{"href":"https:\/\/hebamme-am-haff.de\/index.php?rest_route=\/wp\/v2\/pages"}],"about":[{"href":"https:\/\/hebamme-am-haff.de\/index.php?rest_route=\/wp\/v2\/types\/page"}],"author":[{"embeddable":true,"href":"https:\/\/hebamme-am-haff.de\/index.php?rest_route=\/wp\/v2\/users\/2"}],"replies":[{"embeddable":true,"href":"https:\/\/hebamme-am-haff.de\/index.php?rest_route=%2Fwp%2Fv2%2Fcomments&post=63"}],"version-history":[{"count":6,"href":"https:\/\/hebamme-am-haff.de\/index.php?rest_route=\/wp\/v2\/pages\/63\/revisions"}],"predecessor-version":[{"id":279,"href":"https:\/\/hebamme-am-haff.de\/index.php?rest_route=\/wp\/v2\/pages\/63\/revisions\/279"}],"wp:attachment":[{"href":"https:\/\/hebamme-am-haff.de\/index.php?rest_route=%2Fwp%2Fv2%2Fmedia&parent=63"}],"curies":[{"name":"wp","href":"https:\/\/api.w.org\/{rel}","templated":true}]}}