{"id":168,"date":"2021-05-30T10:26:45","date_gmt":"2021-05-30T10:26:45","guid":{"rendered":"https:\/\/hebamme-am-haff.de\/?page_id=168"},"modified":"2023-06-21T12:51:13","modified_gmt":"2023-06-21T12:51:13","slug":"ueber-mich","status":"publish","type":"page","link":"https:\/\/hebamme-am-haff.de\/","title":{"rendered":"\u00dcber mich"},"content":{"rendered":"<p>Das Leben braucht einen guten Anfang. Dabei helfe ich Ihnen.<\/p>\n<p>Mein Name ist Erdmute Leiteritz. Ich wurde am 19.05.1966 in der sch\u00f6nen Stadt Zittau im Dreil\u00e4ndereck geboren. Nach erfolgreichem Schulabschluss erf\u00fcllte ich mir meinen lang gehegten Berufswunsch: Ich begann eine Ausbildung als Hebamme, die ich durch ein Studium an der Medizinischen Fachschule Rostock absolvierte. In den Jahren 1985 bis 1990 habe ich \u00fcber 500 Geburten pers\u00f6nlich betreut und den werdenden M\u00fcttern geholfen, den Start f\u00fcr das Leben des neuen Erdenb\u00fcrgers zu ebnen.<\/p>\n<p>Neben der medizinischen Betreuung war es mir immer wichtig auf die Pers\u00f6nlichkeit der Schwangeren und W\u00f6chnerinnen einzugehen. Den Geb\u00e4renden beratend zur Seite stehen, ihnen und ihren Partnern Hilfestellung zu geben in Schwangerschaft, Neugeborenenzeit und Wochenbett, und ihnen einf\u00fchlsam und kompetent durch das Erlebnis Geburt zu helfen, war immer meine Hauptaufgabe.<\/p>\n<p>Nach der Geburt meiner beiden T\u00f6chter und einer Anstellung in der Kinderbetreuung habe ich wieder die M\u00f6glichkeit beim Schopf gepackt als Hebamme zu arbeiten. Seit 1992 bin ich nun als freiberufliche Hebamme in der Region Uecker-Randow t\u00e4tig. Auch hier steht das Pers\u00f6nliche f\u00fcr mich im Vordergrund. Zu meinen Hauptaufgaben z\u00e4hlt die Schwangerenbetreuung und Wochenbettbetreuung. \u00dcber 3.000 Frauen haben bisher meine Leistungen in Anspruch genommen. Ein Ausdruck meiner erfolgreichen Arbeit spiegelt sich auch in der Tatsache wider, dass viele Frauen meine Leistungen bereits mehrfach genutzt haben.<\/p>\n<p>Im Rahmen meiner beruflichen Weiterbildung absolvierte ich 2008 eine Zusatzausbildung zur Familienhebamme. Hier gebe ich den Familien von Neugeborenen die M\u00f6glichkeit einer Zusatzbetreuung, die sich bis zum 1. Geburtstag des Kindes erstreckt.<\/p>\n<p>Mit meinen Betreuungsangeboten, der Erfahrung aus fast 30 Jahren T\u00e4tigkeit als Hebamme bin ich bereit, neue Herausforderungen anzunehmen.<\/p>\n<p>Ich freue mich auf Sie.<\/p>\n","protected":false},"excerpt":{"rendered":"<p>Das Leben braucht einen guten Anfang. Dabei helfe ich Ihnen. Mein Name ist Erdmute Leiteritz. Ich wurde am 19.05.1966 in der sch\u00f6nen Stadt Zittau im Dreil\u00e4ndereck geboren. Nach erfolgreichem Schulabschluss &hellip; <\/p>\n","protected":false},"author":2,"featured_media":0,"parent":0,"menu_order":0,"comment_status":"closed","ping_status":"closed","template":"","meta":[],"_links":{"self":[{"href":"https:\/\/hebamme-am-haff.de\/index.php?rest_route=\/wp\/v2\/pages\/168"}],"collection":[{"href":"https:\/\/hebamme-am-haff.de\/index.php?rest_route=\/wp\/v2\/pages"}],"about":[{"href":"https:\/\/hebamme-am-haff.de\/index.php?rest_route=\/wp\/v2\/types\/page"}],"author":[{"embeddable":true,"href":"https:\/\/hebamme-am-haff.de\/index.php?rest_route=\/wp\/v2\/users\/2"}],"replies":[{"embeddable":true,"href":"https:\/\/hebamme-am-haff.de\/index.php?rest_route=%2Fwp%2Fv2%2Fcomments&post=168"}],"version-history":[{"count":5,"href":"https:\/\/hebamme-am-haff.de\/index.php?rest_route=\/wp\/v2\/pages\/168\/revisions"}],"predecessor-version":[{"id":173,"href":"https:\/\/hebamme-am-haff.de\/index.php?rest_route=\/wp\/v2\/pages\/168\/revisions\/173"}],"wp:attachment":[{"href":"https:\/\/hebamme-am-haff.de\/index.php?rest_route=%2Fwp%2Fv2%2Fmedia&parent=168"}],"curies":[{"name":"wp","href":"https:\/\/api.w.org\/{rel}","templated":true}]}}